{"id":156,"date":"2014-05-15T19:52:57","date_gmt":"2014-05-15T18:52:57","guid":{"rendered":"http:\/\/www.portasub.ch\/cms\/?page_id=156"},"modified":"2025-12-18T14:26:16","modified_gmt":"2025-12-18T13:26:16","slug":"fete-de-la-plongee","status":"publish","type":"page","link":"https:\/\/www.portasub.ch\/fete-de-la-plongee\/","title":{"rendered":"F\u00eate de la plong\u00e9e"},"content":{"rendered":"\t\t<div data-elementor-type=\"wp-page\" data-elementor-id=\"156\" class=\"elementor elementor-156\">\n\t\t\t\t\t\t<section class=\"elementor-section elementor-top-section elementor-element elementor-element-79e0865 elementor-section-boxed elementor-section-height-default elementor-section-height-default wpr-particle-no wpr-jarallax-no wpr-parallax-no wpr-sticky-section-no wpr-equal-height-no\" data-id=\"79e0865\" data-element_type=\"section\" data-e-type=\"section\">\n\t\t\t\t\t\t<div class=\"elementor-container elementor-column-gap-default\">\n\t\t\t\t\t<div class=\"elementor-column elementor-col-100 elementor-top-column elementor-element elementor-element-cafd133\" data-id=\"cafd133\" data-element_type=\"column\" data-e-type=\"column\">\n\t\t\t<div class=\"elementor-widget-wrap elementor-element-populated\">\n\t\t\t\t\t\t<div class=\"elementor-element elementor-element-5df0f51 elementor-widget elementor-widget-spacer\" data-id=\"5df0f51\" data-element_type=\"widget\" data-e-type=\"widget\" data-widget_type=\"spacer.default\">\n\t\t\t\t<div class=\"elementor-widget-container\">\n\t\t\t\t\t\t\t<div class=\"elementor-spacer\">\n\t\t\t<div class=\"elementor-spacer-inner\"><\/div>\n\t\t<\/div>\n\t\t\t\t\t\t<\/div>\n\t\t\t\t<\/div>\n\t\t\t\t\t<\/div>\n\t\t<\/div>\n\t\t\t\t\t<\/div>\n\t\t<\/section>\n\t\t\t\t<section class=\"elementor-section elementor-top-section elementor-element elementor-element-8545c05 elementor-section-boxed elementor-section-height-default elementor-section-height-default wpr-particle-no wpr-jarallax-no wpr-parallax-no wpr-sticky-section-no wpr-equal-height-no\" data-id=\"8545c05\" data-element_type=\"section\" data-e-type=\"section\">\n\t\t\t\t\t\t<div class=\"elementor-container elementor-column-gap-default\">\n\t\t\t\t\t<div class=\"elementor-column elementor-col-100 elementor-top-column elementor-element elementor-element-573bf0a\" data-id=\"573bf0a\" data-element_type=\"column\" data-e-type=\"column\">\n\t\t\t<div class=\"elementor-widget-wrap\">\n\t\t\t\t\t\t\t<\/div>\n\t\t<\/div>\n\t\t\t\t\t<\/div>\n\t\t<\/section>\n\t\t\t\t<section class=\"elementor-section elementor-top-section elementor-element elementor-element-8970150 elementor-section-boxed elementor-section-height-default elementor-section-height-default wpr-particle-no wpr-jarallax-no wpr-parallax-no wpr-sticky-section-no wpr-equal-height-no\" data-id=\"8970150\" data-element_type=\"section\" data-e-type=\"section\">\n\t\t\t\t\t\t<div class=\"elementor-container elementor-column-gap-default\">\n\t\t\t\t\t<div class=\"elementor-column elementor-col-100 elementor-top-column elementor-element elementor-element-57ef403\" data-id=\"57ef403\" data-element_type=\"column\" data-e-type=\"column\">\n\t\t\t<div class=\"elementor-widget-wrap\">\n\t\t\t\t\t\t\t<\/div>\n\t\t<\/div>\n\t\t\t\t\t<\/div>\n\t\t<\/section>\n\t\t\t\t<section class=\"elementor-section elementor-top-section elementor-element elementor-element-fa53a5d elementor-section-boxed elementor-section-height-default elementor-section-height-default wpr-particle-no wpr-jarallax-no wpr-parallax-no wpr-sticky-section-no wpr-equal-height-no\" data-id=\"fa53a5d\" data-element_type=\"section\" data-e-type=\"section\">\n\t\t\t\t\t\t<div class=\"elementor-container elementor-column-gap-default\">\n\t\t\t\t\t<div class=\"elementor-column elementor-col-100 elementor-top-column elementor-element elementor-element-ebff39c\" data-id=\"ebff39c\" data-element_type=\"column\" data-e-type=\"column\">\n\t\t\t<div class=\"elementor-widget-wrap\">\n\t\t\t\t\t\t\t<\/div>\n\t\t<\/div>\n\t\t\t\t\t<\/div>\n\t\t<\/section>\n\t\t\t\t<section class=\"elementor-section elementor-top-section elementor-element elementor-element-40357880 elementor-section-boxed elementor-section-height-default elementor-section-height-default wpr-particle-no wpr-jarallax-no wpr-parallax-no wpr-sticky-section-no wpr-equal-height-no\" data-id=\"40357880\" data-element_type=\"section\" data-e-type=\"section\">\n\t\t\t\t\t\t<div class=\"elementor-container elementor-column-gap-default\">\n\t\t\t\t\t<div class=\"elementor-column elementor-col-100 elementor-top-column elementor-element elementor-element-28e4e95b\" data-id=\"28e4e95b\" data-element_type=\"column\" data-e-type=\"column\">\n\t\t\t<div class=\"elementor-widget-wrap elementor-element-populated\">\n\t\t\t\t\t\t<div class=\"elementor-element elementor-element-5cf5814 elementor-widget elementor-widget-spacer\" data-id=\"5cf5814\" data-element_type=\"widget\" data-e-type=\"widget\" data-widget_type=\"spacer.default\">\n\t\t\t\t<div class=\"elementor-widget-container\">\n\t\t\t\t\t\t\t<div class=\"elementor-spacer\">\n\t\t\t<div class=\"elementor-spacer-inner\"><\/div>\n\t\t<\/div>\n\t\t\t\t\t\t<\/div>\n\t\t\t\t<\/div>\n\t\t\t\t<div class=\"elementor-element elementor-element-3fcdbca elementor-widget elementor-widget-heading\" data-id=\"3fcdbca\" data-element_type=\"widget\" data-e-type=\"widget\" data-widget_type=\"heading.default\">\n\t\t\t\t<div class=\"elementor-widget-container\">\n\t\t\t\t\t<h1 class=\"elementor-heading-title elementor-size-default\">Rendez-vous les <br>11 et 12 juillet 2026<\/h1>\t\t\t\t<\/div>\n\t\t\t\t<\/div>\n\t\t\t\t<div class=\"elementor-element elementor-element-c2d1791 elementor-widget elementor-widget-spacer\" data-id=\"c2d1791\" data-element_type=\"widget\" data-e-type=\"widget\" data-widget_type=\"spacer.default\">\n\t\t\t\t<div class=\"elementor-widget-container\">\n\t\t\t\t\t\t\t<div class=\"elementor-spacer\">\n\t\t\t<div class=\"elementor-spacer-inner\"><\/div>\n\t\t<\/div>\n\t\t\t\t\t\t<\/div>\n\t\t\t\t<\/div>\n\t\t\t\t<div class=\"elementor-element elementor-element-57f71f08 elementor-drop-cap-yes elementor-drop-cap-view-default elementor-widget elementor-widget-text-editor\" data-id=\"57f71f08\" data-element_type=\"widget\" data-e-type=\"widget\" data-settings=\"{&quot;drop_cap&quot;:&quot;yes&quot;}\" data-widget_type=\"text-editor.default\">\n\t\t\t\t<div class=\"elementor-widget-container\">\n\t\t\t\t\t\t\t\t\t<p style=\"text-align: justify;\">Depuis l&rsquo;\u00e9t\u00e9 2003, le Club Portasub organise chaque ann\u00e9e la F\u00eate de la plong\u00e9e \u00e0 Portalban. Ce week-end festif est d\u00e9di\u00e9 \u00e0 la plong\u00e9e, \u00e0 la joie et \u00e0 l&rsquo;ambiance.<\/p><p style=\"text-align: justify;\"><span style=\"color: var( --e-global-color-text ); font-family: var( --e-global-typography-text-font-family ), Sans-serif; font-weight: var( --e-global-typography-text-font-weight ); letter-spacing: 0px;\">Nous offrons aux plongeurs de tous niveaux la possibilit\u00e9 de pratiquer leur sport favori \u00e0 des prix abordables sur des sites tr\u00e8s int\u00e9ressants du Lac de Neuch\u00e2tel. Tout est mis en place pour que vous puissiez profiter pleinement de votre temps sous l&rsquo;eau : des bateaux vous emm\u00e8nent sur les sites, des compresseurs sont en service pour le gonflage et nos guides \u00e0 bord vous orientent dans la bonne direction.<\/span><\/p><p style=\"text-align: justify;\"><span style=\"color: var( --e-global-color-text ); font-family: var( --e-global-typography-text-font-family ), Sans-serif; font-weight: var( --e-global-typography-text-font-weight ); letter-spacing: 0px;\">De plus, pour ceux qui souhaitent d\u00e9couvrir la plong\u00e9e, nous avons un bassin d\u00e9di\u00e9 permettant de r\u00e9aliser des bapt\u00eames de plong\u00e9e encadr\u00e9s par nos moniteurs exp\u00e9riment\u00e9s. C&rsquo;est l&rsquo;occasion id\u00e9ale de s&rsquo;initier \u00e0 cette activit\u00e9 fascinante !<\/span><\/p><p style=\"text-align: justify;\"><span style=\"color: var( --e-global-color-text ); font-family: var( --e-global-typography-text-font-family ), Sans-serif; font-weight: var( --e-global-typography-text-font-weight ); letter-spacing: 0px;\">Des activit\u00e9s sont \u00e9galement organis\u00e9es en collaboration avec des f\u00e9d\u00e9rations externes pour vous offrir un week-end riche en d\u00e9couvertes.\u00a0<\/span><\/p><p>En ce qui concerne les festivit\u00e9s, attendez-vous \u00e0 une exp\u00e9rience culinaire diversifi\u00e9e avec un food trucks et une ambiance d\u00e9contract\u00e9e sous notre tonnelle. L&rsquo;animation musicale vous accompagnera tout au long de la journ\u00e9e, cr\u00e9ant une atmosph\u00e8re festive et dynamique.<\/p><p>Et quand vient le soir, pr\u00e9parez-vous \u00e0 danser jusqu&rsquo;au bout de la nuit avec notre soir\u00e9e dansante anim\u00e9e par un DJ d\u00e8s 21 heures.\u00a0<\/p><p style=\"text-align: justify;\"><span style=\"color: var( --e-global-color-text ); font-family: var( --e-global-typography-text-font-family ), Sans-serif; font-weight: var( --e-global-typography-text-font-weight ); letter-spacing: 0px;\">En r\u00e9sum\u00e9, cette f\u00eate est tout simplement g\u00e9niale ! Alors, n&rsquo;h\u00e9sitez pas \u00e0 revenir sur notre site pour obtenir les derniers d\u00e9tails avant l&rsquo;\u00e9v\u00e9nement\u00a0<\/span><\/p>\t\t\t\t\t\t\t\t<\/div>\n\t\t\t\t<\/div>\n\t\t\t\t<div class=\"elementor-element elementor-element-258ce28 elementor-widget__width-initial elementor-widget elementor-widget-text-editor\" data-id=\"258ce28\" data-element_type=\"widget\" data-e-type=\"widget\" data-widget_type=\"text-editor.default\">\n\t\t\t\t<div class=\"elementor-widget-container\">\n\t\t\t\t\t\t\t\t\t<p>Obtenez les derni\u00e8res informations pour la f\u00eate en vous abonnant \u00e0 notre News Letters<\/p><p>\u00a0<\/p><p>\u00a0<\/p>\t\t\t\t\t\t\t\t<\/div>\n\t\t\t\t<\/div>\n\t\t\t\t<div class=\"elementor-element elementor-element-d994300 elementor-widget__width-initial elementor-widget elementor-widget-html\" data-id=\"d994300\" data-element_type=\"widget\" data-e-type=\"widget\" data-widget_type=\"html.default\">\n\t\t\t\t<div class=\"elementor-widget-container\">\n\t\t\t\t\t<iframe width=\"100%\" scrolling=\"no\" frameborder=\"0\" src=\"https:\/\/www.portasub.ch\/?wysija-page=1&controller=subscribers&action=wysija_outter&wysija_form=1&external_site=1&wysijap=subscriptions\" class=\"iframe-wysija\" vspace=\"0\" tabindex=\"0\" style=\"position: static; top: 0pt; margin: 0px; border-style: none; height: 200px; left: 0pt; visibility: visible;\" marginwidth=\"0\" marginheight=\"0\" hspace=\"0\" allowtransparency=\"true\" title=\"Abonnement via MailPoet\"><\/iframe>\t\t\t\t<\/div>\n\t\t\t\t<\/div>\n\t\t\t\t\t<\/div>\n\t\t<\/div>\n\t\t\t\t\t<\/div>\n\t\t<\/section>\n\t\t\t\t<section class=\"elementor-section elementor-top-section elementor-element elementor-element-13b8af4 elementor-section-boxed elementor-section-height-default elementor-section-height-default wpr-particle-no wpr-jarallax-no wpr-parallax-no wpr-sticky-section-no wpr-equal-height-no\" data-id=\"13b8af4\" data-element_type=\"section\" data-e-type=\"section\">\n\t\t\t\t\t\t<div class=\"elementor-container elementor-column-gap-default\">\n\t\t\t\t\t<div class=\"elementor-column elementor-col-100 elementor-top-column elementor-element elementor-element-ad56c11\" data-id=\"ad56c11\" data-element_type=\"column\" data-e-type=\"column\">\n\t\t\t<div class=\"elementor-widget-wrap elementor-element-populated\">\n\t\t\t\t\t\t<div class=\"elementor-element elementor-element-ea08b02 elementor-arrows-position-inside elementor-pagination-position-outside elementor-widget elementor-widget-image-carousel\" data-id=\"ea08b02\" data-element_type=\"widget\" data-e-type=\"widget\" data-settings=\"{&quot;slides_to_show&quot;:&quot;1&quot;,&quot;navigation&quot;:&quot;both&quot;,&quot;autoplay&quot;:&quot;yes&quot;,&quot;pause_on_hover&quot;:&quot;yes&quot;,&quot;pause_on_interaction&quot;:&quot;yes&quot;,&quot;autoplay_speed&quot;:5000,&quot;infinite&quot;:&quot;yes&quot;,&quot;effect&quot;:&quot;slide&quot;,&quot;speed&quot;:500}\" data-widget_type=\"image-carousel.default\">\n\t\t\t\t<div class=\"elementor-widget-container\">\n\t\t\t\t\t\t\t<div class=\"elementor-image-carousel-wrapper swiper\" role=\"region\" aria-roledescription=\"carousel\" aria-label=\"Carrousel d\u2019images\" dir=\"ltr\">\n\t\t\t<div class=\"elementor-image-carousel swiper-wrapper\" aria-live=\"off\">\n\t\t\t\t\t\t\t\t<div class=\"swiper-slide\" role=\"group\" aria-roledescription=\"slide\" aria-label=\"1 sur 5\"><figure class=\"swiper-slide-inner\"><img decoding=\"async\" class=\"swiper-slide-image\" src=\"https:\/\/www.portasub.ch\/cms\/wp-content\/uploads\/Bisquine-1024x768.jpg\" alt=\"Bisquine\" \/><\/figure><\/div><div class=\"swiper-slide\" role=\"group\" aria-roledescription=\"slide\" aria-label=\"2 sur 5\"><figure class=\"swiper-slide-inner\"><img decoding=\"async\" class=\"swiper-slide-image\" src=\"https:\/\/www.portasub.ch\/cms\/wp-content\/uploads\/Container-1024x768.jpg\" alt=\"Container\" \/><\/figure><\/div><div class=\"swiper-slide\" role=\"group\" aria-roledescription=\"slide\" aria-label=\"3 sur 5\"><figure class=\"swiper-slide-inner\"><img decoding=\"async\" class=\"swiper-slide-image\" src=\"https:\/\/www.portasub.ch\/cms\/wp-content\/uploads\/portasub_2025_cote_plongeurs-1024x576.jpeg\" alt=\"portasub_2025_cote_plongeurs\" \/><\/figure><\/div><div class=\"swiper-slide\" role=\"group\" aria-roledescription=\"slide\" aria-label=\"4 sur 5\"><figure class=\"swiper-slide-inner\"><img decoding=\"async\" class=\"swiper-slide-image\" src=\"https:\/\/www.portasub.ch\/cms\/wp-content\/uploads\/Tonelle-1024x554.jpg\" alt=\"Tonelle\" \/><\/figure><\/div><div class=\"swiper-slide\" role=\"group\" aria-roledescription=\"slide\" aria-label=\"5 sur 5\"><figure class=\"swiper-slide-inner\"><img decoding=\"async\" class=\"swiper-slide-image\" src=\"https:\/\/www.portasub.ch\/cms\/wp-content\/uploads\/IMG_1775-1024x768.jpg\" alt=\"IMG_1775\" \/><\/figure><\/div>\t\t\t<\/div>\n\t\t\t\t\t\t\t\t\t\t\t\t<div class=\"elementor-swiper-button elementor-swiper-button-prev\" role=\"button\" tabindex=\"0\">\n\t\t\t\t\t\t<i aria-hidden=\"true\" class=\"eicon-chevron-left\"><\/i>\t\t\t\t\t<\/div>\n\t\t\t\t\t<div class=\"elementor-swiper-button elementor-swiper-button-next\" role=\"button\" tabindex=\"0\">\n\t\t\t\t\t\t<i aria-hidden=\"true\" class=\"eicon-chevron-right\"><\/i>\t\t\t\t\t<\/div>\n\t\t\t\t\n\t\t\t\t\t\t\t\t\t<div class=\"swiper-pagination\"><\/div>\n\t\t\t\t\t\t\t\t\t<\/div>\n\t\t\t\t\t\t<\/div>\n\t\t\t\t<\/div>\n\t\t\t\t\t<\/div>\n\t\t<\/div>\n\t\t\t\t\t<\/div>\n\t\t<\/section>\n\t\t\t\t<section class=\"elementor-section elementor-top-section elementor-element elementor-element-f540f72 elementor-section-boxed elementor-section-height-default elementor-section-height-default wpr-particle-no wpr-jarallax-no wpr-parallax-no wpr-sticky-section-no wpr-equal-height-no\" data-id=\"f540f72\" data-element_type=\"section\" data-e-type=\"section\">\n\t\t\t\t\t\t<div class=\"elementor-container elementor-column-gap-default\">\n\t\t\t\t\t<div class=\"elementor-column elementor-col-100 elementor-top-column elementor-element elementor-element-543fb96\" data-id=\"543fb96\" data-element_type=\"column\" data-e-type=\"column\">\n\t\t\t<div class=\"elementor-widget-wrap\">\n\t\t\t\t\t\t\t<\/div>\n\t\t<\/div>\n\t\t\t\t\t<\/div>\n\t\t<\/section>\n\t\t\t\t<\/div>\n\t\t","protected":false},"excerpt":{"rendered":"<p>Rendez-vous les 11 et 12 juillet 2026 Depuis l&rsquo;\u00e9t\u00e9 2003, le Club Portasub organise chaque ann\u00e9e la F\u00eate de la plong\u00e9e \u00e0 Portalban. Ce week-end festif est d\u00e9di\u00e9 \u00e0 la plong\u00e9e, \u00e0 la joie et \u00e0 l&rsquo;ambiance. Nous offrons aux plongeurs de tous niveaux la possibilit\u00e9 de pratiquer leur sport favori \u00e0 des prix abordables sur des sites tr\u00e8s int\u00e9ressants du Lac de Neuch\u00e2tel. Tout est mis en place pour que vous puissiez profiter pleinement de votre temps sous l&rsquo;eau : des bateaux vous emm\u00e8nent sur les sites, des compresseurs sont en service pour le gonflage et nos guides \u00e0 bord vous orientent dans la bonne direction. De plus, pour ceux qui souhaitent d\u00e9couvrir la plong\u00e9e, nous avons un bassin d\u00e9di\u00e9 permettant de r\u00e9aliser des bapt\u00eames de plong\u00e9e encadr\u00e9s par nos moniteurs exp\u00e9riment\u00e9s. C&rsquo;est l&rsquo;occasion id\u00e9ale de s&rsquo;initier \u00e0 cette activit\u00e9 fascinante ! Des activit\u00e9s sont \u00e9galement organis\u00e9es en collaboration avec des f\u00e9d\u00e9rations externes pour vous offrir un week-end riche en d\u00e9couvertes.\u00a0 En ce qui concerne les festivit\u00e9s, attendez-vous \u00e0 une exp\u00e9rience culinaire diversifi\u00e9e avec un food trucks et une ambiance d\u00e9contract\u00e9e sous notre tonnelle. L&rsquo;animation musicale vous accompagnera tout au long de la journ\u00e9e, cr\u00e9ant une atmosph\u00e8re festive et dynamique. Et quand vient le soir, pr\u00e9parez-vous \u00e0 danser jusqu&rsquo;au bout de la nuit avec notre soir\u00e9e dansante anim\u00e9e par un DJ d\u00e8s 21 heures.\u00a0 En r\u00e9sum\u00e9, cette f\u00eate est tout simplement g\u00e9niale ! Alors, n&rsquo;h\u00e9sitez pas \u00e0 revenir sur notre site pour obtenir les derniers d\u00e9tails avant l&rsquo;\u00e9v\u00e9nement\u00a0 Obtenez les derni\u00e8res informations pour la f\u00eate en vous abonnant \u00e0 notre News Letters \u00a0 \u00a0<\/p>\n","protected":false},"author":1,"featured_media":0,"parent":0,"menu_order":8,"comment_status":"closed","ping_status":"closed","template":"","meta":{"ngg_post_thumbnail":0,"footnotes":""},"class_list":["post-156","page","type-page","status-publish","hentry"],"acf":[],"_links":{"self":[{"href":"https:\/\/www.portasub.ch\/wp-json\/wp\/v2\/pages\/156","targetHints":{"allow":["GET"]}}],"collection":[{"href":"https:\/\/www.portasub.ch\/wp-json\/wp\/v2\/pages"}],"about":[{"href":"https:\/\/www.portasub.ch\/wp-json\/wp\/v2\/types\/page"}],"author":[{"embeddable":true,"href":"https:\/\/www.portasub.ch\/wp-json\/wp\/v2\/users\/1"}],"replies":[{"embeddable":true,"href":"https:\/\/www.portasub.ch\/wp-json\/wp\/v2\/comments?post=156"}],"version-history":[{"count":117,"href":"https:\/\/www.portasub.ch\/wp-json\/wp\/v2\/pages\/156\/revisions"}],"predecessor-version":[{"id":3393,"href":"https:\/\/www.portasub.ch\/wp-json\/wp\/v2\/pages\/156\/revisions\/3393"}],"wp:attachment":[{"href":"https:\/\/www.portasub.ch\/wp-json\/wp\/v2\/media?parent=156"}],"curies":[{"name":"wp","href":"https:\/\/api.w.org\/{rel}","templated":true}]}}